{"id":42410,"date":"2025-04-15T13:13:14","date_gmt":"2025-04-15T13:13:14","guid":{"rendered":"https:\/\/hemerahotel.com\/?page_id=42410"},"modified":"2026-04-13T19:51:34","modified_gmt":"2026-04-13T19:51:34","slug":"chambre-superieure-double-vue-cathedrale","status":"publish","type":"page","link":"https:\/\/hemerahotel.com\/nl\/chambre-superieure-double-vue-cathedrale\/","title":{"rendered":"Superior tweepersoonskamer met uitzicht op de kathedraal"},"content":{"rendered":"<div data-elementor-type=\"wp-page\" data-elementor-id=\"42410\" class=\"elementor elementor-42410\">\n\t\t\t\t\t\t<section class=\"elementor-section elementor-top-section elementor-element elementor-element-13cb3c1 elementor-section-boxed elementor-section-height-default elementor-section-height-default sc_fly_static\" data-id=\"13cb3c1\" data-element_type=\"section\" data-settings=\"{&quot;background_background&quot;:&quot;classic&quot;}\">\n\t\t\t\t\t\t\t<div class=\"elementor-background-overlay\"><\/div>\n\t\t\t\t\t\t\t<div class=\"elementor-container elementor-column-gap-extended\">\n\t\t\t\t\t<div class=\"elementor-column elementor-col-100 elementor-top-column elementor-element elementor-element-926c3e8 sc_content_align_inherit sc_layouts_column_icons_position_left sc_fly_static\" data-id=\"926c3e8\" data-element_type=\"column\">\n\t\t\t<div class=\"elementor-widget-wrap\">\n\t\t\t\t\t\t\t<\/div>\n\t\t<\/div>\n\t\t\t\t\t<\/div>\n\t\t<\/section>\n\t\t\t\t<section class=\"elementor-section elementor-top-section elementor-element elementor-element-c32bfb9 elementor-section-full_width elementor-section-height-default elementor-section-height-default sc_fly_static\" data-id=\"c32bfb9\" data-element_type=\"section\" data-settings=\"{&quot;background_background&quot;:&quot;classic&quot;}\">\n\t\t\t\t\t\t\t<div class=\"elementor-background-overlay\"><\/div>\n\t\t\t\t\t\t\t<div class=\"elementor-container elementor-column-gap-no\">\n\t\t\t\t\t<div class=\"elementor-column elementor-col-100 elementor-top-column elementor-element elementor-element-427da4e sc_content_align_inherit sc_layouts_column_icons_position_left sc_fly_static\" data-id=\"427da4e\" data-element_type=\"column\">\n\t\t\t<div class=\"elementor-widget-wrap elementor-element-populated\">\n\t\t\t\t\t\t<div class=\"elementor-element elementor-element-3b7e324 sc_fly_static elementor-widget elementor-widget-heading\" data-id=\"3b7e324\" data-element_type=\"widget\" data-widget_type=\"heading.default\">\n\t\t\t\t<div class=\"elementor-widget-container\">\n\t\t\t\t\t<h1 class=\"elementor-heading-title elementor-size-default\">Superior tweepersoonskamer met uitzicht op de kathedraal<\/h1>\t\t\t\t<\/div>\n\t\t\t\t<\/div>\n\t\t\t\t<div class=\"elementor-element elementor-element-c045030 sc_fly_static elementor-widget elementor-widget-spacer\" data-id=\"c045030\" data-element_type=\"widget\" data-widget_type=\"spacer.default\">\n\t\t\t\t<div class=\"elementor-widget-container\">\n\t\t\t\t\t\t\t<div class=\"elementor-spacer\">\n\t\t\t<div class=\"elementor-spacer-inner\"><\/div>\n\t\t<\/div>\n\t\t\t\t\t\t<\/div>\n\t\t\t\t<\/div>\n\t\t\t\t<div class=\"elementor-element elementor-element-fbd2138 sc_fly_static elementor-widget elementor-widget-heading\" data-id=\"fbd2138\" data-element_type=\"widget\" data-widget_type=\"heading.default\">\n\t\t\t\t<div class=\"elementor-widget-container\">\n\t\t\t\t\t<h1 class=\"elementor-heading-title elementor-size-default\">Binnenkort beschikbaar<br> beschikbaar...<\/h1>\t\t\t\t<\/div>\n\t\t\t\t<\/div>\n\t\t\t\t<div class=\"elementor-element elementor-element-64cb621 sc_height_medium sc_fly_static elementor-widget elementor-widget-spacer\" data-id=\"64cb621\" data-element_type=\"widget\" data-widget_type=\"spacer.default\">\n\t\t\t\t<div class=\"elementor-widget-container\">\n\t\t\t\t\t\t\t<div class=\"elementor-spacer\">\n\t\t\t<div class=\"elementor-spacer-inner\"><\/div>\n\t\t<\/div>\n\t\t\t\t\t\t<\/div>\n\t\t\t\t<\/div>\n\t\t\t\t<section class=\"elementor-section elementor-inner-section elementor-element elementor-element-3e4f56c elementor-section-boxed elementor-section-height-default elementor-section-height-default sc_fly_static\" data-id=\"3e4f56c\" data-element_type=\"section\">\n\t\t\t\t\t\t<div class=\"elementor-container elementor-column-gap-extended\">\n\t\t\t\t\t<div class=\"elementor-column elementor-col-50 elementor-inner-column elementor-element elementor-element-558ae6e sc_content_align_inherit sc_layouts_column_icons_position_left sc_fly_static\" data-id=\"558ae6e\" data-element_type=\"column\">\n\t\t\t<div class=\"elementor-widget-wrap elementor-element-populated\">\n\t\t\t\t\t\t<div class=\"elementor-element elementor-element-b83d3e1 sc_fly_static elementor-widget elementor-widget-trx_sc_title\" data-id=\"b83d3e1\" data-element_type=\"widget\" data-widget_type=\"trx_sc_title.default\">\n\t\t\t\t<div class=\"elementor-widget-container\">\n\t\t\t\t\t<div\t\tclass=\"sc_title sc_title_default\" ><h2 class=\"sc_item_title sc_title_title sc_item_title_style_default sc_item_title_tag trx_addons_inline_998519190\"\n\t\t\t><span class=\"sc_item_title_text\">Superior tweepersoonskamer met uitzicht op de kathedraal<\/span><\/h2><\/div>\t\t\t\t<\/div>\n\t\t\t\t<\/div>\n\t\t\t\t<div class=\"elementor-element elementor-element-a95c8a0 sc_fly_static elementor-widget elementor-widget-spacer\" data-id=\"a95c8a0\" data-element_type=\"widget\" data-widget_type=\"spacer.default\">\n\t\t\t\t<div class=\"elementor-widget-container\">\n\t\t\t\t\t\t\t<div class=\"elementor-spacer\">\n\t\t\t<div class=\"elementor-spacer-inner\"><\/div>\n\t\t<\/div>\n\t\t\t\t\t\t<\/div>\n\t\t\t\t<\/div>\n\t\t\t\t<div class=\"elementor-element elementor-element-692e102 sc_fly_static elementor-widget elementor-widget-text-editor\" data-id=\"692e102\" data-element_type=\"widget\" data-widget_type=\"text-editor.default\">\n\t\t\t\t<div class=\"elementor-widget-container\">\n\t\t\t\t\t\t\t\t\t<p>Trakteer jezelf op een onvergetelijk verblijf in onze Superior tweepersoonskamer met een adembenemend uitzicht op de majestueuze kathedraal van Doornik. Door de combinatie van elegantie, eersteklas comfort en natuurlijk licht is deze kamer ideaal voor een romantisch uitje of een verfijnd verblijf.<\/p>\t\t\t\t\t\t\t\t<\/div>\n\t\t\t\t<\/div>\n\t\t\t\t<div class=\"elementor-element elementor-element-4ef4f7d sc_fly_static elementor-widget elementor-widget-spacer\" data-id=\"4ef4f7d\" data-element_type=\"widget\" data-widget_type=\"spacer.default\">\n\t\t\t\t<div class=\"elementor-widget-container\">\n\t\t\t\t\t\t\t<div class=\"elementor-spacer\">\n\t\t\t<div class=\"elementor-spacer-inner\"><\/div>\n\t\t<\/div>\n\t\t\t\t\t\t<\/div>\n\t\t\t\t<\/div>\n\t\t\t\t<div class=\"elementor-element elementor-element-93634d9 scheme_dark_beige distributor sc_layouts_hide_on_wide sc_layouts_hide_on_desktop sc_layouts_hide_on_notebook sc_layouts_hide_on_tablet sc_layouts_hide_on_mobile sc_fly_static elementor-widget elementor-widget-trx_sc_button\" data-id=\"93634d9\" data-element_type=\"widget\" data-widget_type=\"trx_sc_button.default\">\n\t\t\t\t<div class=\"elementor-widget-container\">\n\t\t\t\t\t<div\tclass=\"sc_item_button sc_button_wrap\" ><a href=\"#\" class=\"sc_button hide_on_mobile hide_on_tablet hide_on_notebook hide_on_desktop hide_on_wide sc_button_default sc_button_size_normal sc_button_icon_left color_style_link2\" ><span class=\"sc_button_text\"><span class=\"sc_button_title\">Boek nu!<\/span><\/span><\/a><\/div>\t\t\t\t<\/div>\n\t\t\t\t<\/div>\n\t\t\t\t\t<\/div>\n\t\t<\/div>\n\t\t\t\t<div class=\"elementor-column elementor-col-50 elementor-inner-column elementor-element elementor-element-cdd7742 sc_content_align_inherit sc_layouts_column_icons_position_left sc_fly_static\" data-id=\"cdd7742\" data-element_type=\"column\" data-settings=\"{&quot;background_background&quot;:&quot;classic&quot;}\">\n\t\t\t<div class=\"elementor-widget-wrap elementor-element-populated\">\n\t\t\t\t\t\t<div class=\"elementor-element elementor-element-65a28fe elementor-widget__width-initial elementor-widget-mobile__width-inherit elementor-icon-list--layout-traditional elementor-list-item-link-full_width sc_fly_static elementor-widget elementor-widget-icon-list\" data-id=\"65a28fe\" data-element_type=\"widget\" data-widget_type=\"icon-list.default\">\n\t\t\t\t<div class=\"elementor-widget-container\">\n\t\t\t\t\t\t\t<ul class=\"elementor-icon-list-items\">\n\t\t\t\t\t\t\t<li class=\"elementor-icon-list-item\">\n\t\t\t\t\t\t\t\t\t\t<span class=\"elementor-icon-list-text\">17m\u00b2<\/span>\n\t\t\t\t\t\t\t\t\t<\/li>\n\t\t\t\t\t\t\t\t<li class=\"elementor-icon-list-item\">\n\t\t\t\t\t\t\t\t\t\t<span class=\"elementor-icon-list-text\">160cm bed <\/span>\n\t\t\t\t\t\t\t\t\t<\/li>\n\t\t\t\t\t\t\t\t<li class=\"elementor-icon-list-item\">\n\t\t\t\t\t\t\t\t\t\t<span class=\"elementor-icon-list-text\">Chromecast TV<\/span>\n\t\t\t\t\t\t\t\t\t<\/li>\n\t\t\t\t\t\t\t\t<li class=\"elementor-icon-list-item\">\n\t\t\t\t\t\t\t\t\t\t<span class=\"elementor-icon-list-text\">USB\/USB-C-poort<\/span>\n\t\t\t\t\t\t\t\t\t<\/li>\n\t\t\t\t\t\t\t\t<li class=\"elementor-icon-list-item\">\n\t\t\t\t\t\t\t\t\t\t<span class=\"elementor-icon-list-text\">Minibar<\/span>\n\t\t\t\t\t\t\t\t\t<\/li>\n\t\t\t\t\t\t\t\t<li class=\"elementor-icon-list-item\">\n\t\t\t\t\t\t\t\t\t\t<span class=\"elementor-icon-list-text\">Kantoor<\/span>\n\t\t\t\t\t\t\t\t\t<\/li>\n\t\t\t\t\t\t\t\t<li class=\"elementor-icon-list-item\">\n\t\t\t\t\t\t\t\t\t\t<span class=\"elementor-icon-list-text\">Haardroger<\/span>\n\t\t\t\t\t\t\t\t\t<\/li>\n\t\t\t\t\t\t\t\t<li class=\"elementor-icon-list-item\">\n\t\t\t\t\t\t\t\t\t\t<span class=\"elementor-icon-list-text\">Airconditioning<\/span>\n\t\t\t\t\t\t\t\t\t<\/li>\n\t\t\t\t\t\t\t\t<li class=\"elementor-icon-list-item\">\n\t\t\t\t\t\t\t\t\t\t<span class=\"elementor-icon-list-text\">Priv\u00e9 badkamer<\/span>\n\t\t\t\t\t\t\t\t\t<\/li>\n\t\t\t\t\t\t\t\t<li class=\"elementor-icon-list-item\">\n\t\t\t\t\t\t\t\t\t\t<span class=\"elementor-icon-list-text\">Kathedraal<\/span>\n\t\t\t\t\t\t\t\t\t<\/li>\n\t\t\t\t\t\t<\/ul>\n\t\t\t\t\t\t<\/div>\n\t\t\t\t<\/div>\n\t\t\t\t\t<\/div>\n\t\t<\/div>\n\t\t\t\t\t<\/div>\n\t\t<\/section>\n\t\t\t\t<section class=\"elementor-section elementor-inner-section elementor-element elementor-element-0b8ebc3 elementor-section-boxed elementor-section-height-default elementor-section-height-default sc_fly_static\" data-id=\"0b8ebc3\" data-element_type=\"section\">\n\t\t\t\t\t\t<div class=\"elementor-container elementor-column-gap-extended\">\n\t\t\t\t\t<div class=\"elementor-column elementor-col-100 elementor-inner-column elementor-element elementor-element-615eb5a sc_content_align_inherit sc_layouts_column_icons_position_left sc_fly_static\" data-id=\"615eb5a\" data-element_type=\"column\">\n\t\t\t<div class=\"elementor-widget-wrap elementor-element-populated\">\n\t\t\t\t\t\t<div class=\"elementor-element elementor-element-fc77f19 sc_height_extra_huge sc_fly_static elementor-widget elementor-widget-spacer\" data-id=\"fc77f19\" data-element_type=\"widget\" data-widget_type=\"spacer.default\">\n\t\t\t\t<div class=\"elementor-widget-container\">\n\t\t\t\t\t\t\t<div class=\"elementor-spacer\">\n\t\t\t<div class=\"elementor-spacer-inner\"><\/div>\n\t\t<\/div>\n\t\t\t\t\t\t<\/div>\n\t\t\t\t<\/div>\n\t\t\t\t\t<\/div>\n\t\t<\/div>\n\t\t\t\t\t<\/div>\n\t\t<\/section>\n\t\t\t\t\t<\/div>\n\t\t<\/div>\n\t\t\t\t\t<\/div>\n\t\t<\/section>\n\t\t\t\t<section class=\"elementor-section elementor-top-section elementor-element elementor-element-a49c6ec hide_bg_image_on_mobile sc_layouts_hide_on_wide sc_layouts_hide_on_desktop sc_layouts_hide_on_notebook sc_layouts_hide_on_tablet sc_layouts_hide_on_mobile elementor-section-boxed elementor-section-height-default elementor-section-height-default sc_fly_static\" data-id=\"a49c6ec\" data-element_type=\"section\" data-settings=\"{&quot;background_background&quot;:&quot;classic&quot;}\">\n\t\t\t\t\t\t<div class=\"elementor-container elementor-column-gap-extended\">\n\t\t\t\t\t<div class=\"elementor-column elementor-col-100 elementor-top-column elementor-element elementor-element-4f7013c sc_content_align_left sc_layouts_column_align_left sc_layouts_column sc_layouts_column_icons_position_left sc_fly_static\" data-id=\"4f7013c\" data-element_type=\"column\">\n\t\t\t<div class=\"elementor-widget-wrap elementor-element-populated\">\n\t\t\t\t\t\t<div class=\"elementor-element elementor-element-bda7716 sc_height_extra_huge sc_fly_static elementor-widget elementor-widget-spacer\" data-id=\"bda7716\" data-element_type=\"widget\" data-widget_type=\"spacer.default\">\n\t\t\t\t<div class=\"elementor-widget-container\">\n\t\t\t\t\t\t\t<div class=\"elementor-spacer\">\n\t\t\t<div class=\"elementor-spacer-inner\"><\/div>\n\t\t<\/div>\n\t\t\t\t\t\t<\/div>\n\t\t\t\t<\/div>\n\t\t\t\t<div class=\"elementor-element elementor-element-596748c sc_layouts_hide_on_notebook sc_layouts_hide_on_tablet sc_layouts_hide_on_mobile sc_fly_static elementor-widget elementor-widget-spacer\" data-id=\"596748c\" data-element_type=\"widget\" data-widget_type=\"spacer.default\">\n\t\t\t\t<div class=\"elementor-widget-container\">\n\t\t\t\t\t\t\t<div class=\"elementor-spacer\">\n\t\t\t<div class=\"elementor-spacer-inner\"><\/div>\n\t\t<\/div>\n\t\t\t\t\t\t<\/div>\n\t\t\t\t<\/div>\n\t\t\t\t<div class=\"elementor-element elementor-element-c89efbc sc_fly_static elementor-widget elementor-widget-trx_widget_slider\" data-id=\"c89efbc\" data-element_type=\"widget\" data-widget_type=\"trx_widget_slider.default\">\n\t\t\t\t<div class=\"elementor-widget-container\">\n\t\t\t\t\t<div class=\"widget_area sc_widget_slider\"><aside class=\"widget widget_slider\">\t\t\t<div class=\"slider_wrap slider_engine_swiper\">\n\t\t\t\t<div class=\"slider_outer slider_swiper_outer slider_style_default slider_source_custom slider_outer_direction_horizontal slider_outer_multi slider_outer_nopagination slider_outer_nocontrols slider_outer_nocentered slider_outer_overflow_visible slider_outer_notitles slider_outer_height_auto\"><div class=\"slider_container slider_swiper swiper-slider-container slider_direction_horizontal slider_nopagination slider_multi slider_type_images slider_nocontrols slider_nocentered slider_overflow_visible slider_notitles slider_noresize slider_swipe slider_height_auto\" data-interval=\"7000\" data-speed=\"600\" data-effect=\"slide\" data-pagination=\"bullets\" data-direction=\"horizontal\" data-slides-per-view=\"3\" data-slides-space=\"60\" data-slides-parallax=\"0\" data-slides-centered=\"0\" data-slides-overflow=\"1\" data-mouse-wheel=\"0\" data-autoplay=\"1\" data-loop=\"1\" data-free-mode=\"0\" data-slides-min-width=\"220\" data-slides-per-view-breakpoints=\"{&quot;999999&quot;:3}\" data-slides-space-breakpoints=\"{&quot;999999&quot;:&quot;60&quot;}\"><div class=\"slider-wrapper swiper-wrapper\"><div  class=\"slider-slide swiper-slide\" data-image=\"\/\/hemerahotel.com\/wp-content\/uploads\/2025\/03\/2833.jpg\" style=\"\"><img decoding=\"async\" src=\"\/\/hemerahotel.com\/wp-content\/uploads\/2025\/03\/2833.jpg\" alt=\"\"><\/div><div  class=\"slider-slide swiper-slide\" data-image=\"\/\/hemerahotel.com\/wp-content\/uploads\/2025\/03\/26562218.jpg\" style=\"\"><img decoding=\"async\" src=\"\/\/hemerahotel.com\/wp-content\/uploads\/2025\/03\/26562218.jpg\" alt=\"\"><\/div><div  class=\"slider-slide swiper-slide\" data-image=\"\/\/hemerahotel.com\/wp-content\/uploads\/2025\/03\/2147859631.jpg\" style=\"\"><img decoding=\"async\" src=\"\/\/hemerahotel.com\/wp-content\/uploads\/2025\/03\/2147859631.jpg\" alt=\"\"><\/div><div  class=\"slider-slide swiper-slide\" data-image=\"\/\/hemerahotel.com\/wp-content\/uploads\/2025\/03\/4451.jpg\" style=\"\"><img decoding=\"async\" src=\"\/\/hemerahotel.com\/wp-content\/uploads\/2025\/03\/4451.jpg\" alt=\"\"><\/div><div  class=\"slider-slide swiper-slide\" data-image=\"\/\/hemerahotel.com\/wp-content\/uploads\/2025\/03\/stylish-cocktail-bar-with-selection-drinks-garnishes.jpg\" style=\"\"><img decoding=\"async\" src=\"\/\/hemerahotel.com\/wp-content\/uploads\/2025\/03\/stylish-cocktail-bar-with-selection-drinks-garnishes.jpg\" alt=\"\"><\/div><div  class=\"slider-slide swiper-slide\" data-image=\"\/\/hemerahotel.com\/wp-content\/uploads\/2025\/03\/2150533004.jpg\" style=\"\"><img decoding=\"async\" src=\"\/\/hemerahotel.com\/wp-content\/uploads\/2025\/03\/2150533004.jpg\" alt=\"\"><\/div><\/div><\/div><\/div>\t\t\t<\/div>\n\t\t\t<\/aside><\/div>\t\t\t\t<\/div>\n\t\t\t\t<\/div>\n\t\t\t\t<div class=\"elementor-element elementor-element-91777b8 sc_height_extra_huge sc_fly_static elementor-widget elementor-widget-spacer\" data-id=\"91777b8\" data-element_type=\"widget\" data-widget_type=\"spacer.default\">\n\t\t\t\t<div class=\"elementor-widget-container\">\n\t\t\t\t\t\t\t<div class=\"elementor-spacer\">\n\t\t\t<div class=\"elementor-spacer-inner\"><\/div>\n\t\t<\/div>\n\t\t\t\t\t\t<\/div>\n\t\t\t\t<\/div>\n\t\t\t\t\t<\/div>\n\t\t<\/div>\n\t\t\t\t\t<\/div>\n\t\t<\/section>\n\t\t\t\t<\/div>","protected":false},"excerpt":{"rendered":"<p>Chambre Sup\u00e9rieure Double Vue Cath\u00e9drale Bient\u00f4t disponible&#8230; La Sup\u00e9rieure Double Vue Cath\u00e9drale Offrez-vous un s\u00e9jour inoubliable dans notre chambre Sup\u00e9rieure Double avec vue imprenable sur la majestueuse Cath\u00e9drale de Tournai.&hellip;<\/p>","protected":false},"author":2,"featured_media":43068,"parent":0,"menu_order":0,"comment_status":"closed","ping_status":"closed","template":"","meta":{"_joinchat":[],"footnotes":""},"class_list":["post-42410","page","type-page","status-publish","has-post-thumbnail","hentry"],"yoast_head":"<!-- This site is optimized with the Yoast SEO plugin v25.5 - https:\/\/yoast.com\/wordpress\/plugins\/seo\/ -->\n<title>Chambre Sup\u00e9rieure Double Vue Cath\u00e9drale | H\u00f4tel \u00e0 Tournai \u00e0 deux pas de la Cath\u00e9drale<\/title>\n<meta name=\"robots\" content=\"index, follow, max-snippet:-1, max-image-preview:large, max-video-preview:-1\" \/>\n<link rel=\"canonical\" href=\"http:\/\/hemerahotel.com\/nl\/chambre-superieure-double-vue-cathedrale\/\" \/>\n<meta property=\"og:locale\" content=\"nl_NL\" \/>\n<meta property=\"og:type\" content=\"article\" \/>\n<meta property=\"og:title\" content=\"Chambre Sup\u00e9rieure Double Vue Cath\u00e9drale | H\u00f4tel \u00e0 Tournai \u00e0 deux pas de la Cath\u00e9drale\" \/>\n<meta property=\"og:description\" content=\"Chambre Sup\u00e9rieure Double Vue Cath\u00e9drale Bient\u00f4t disponible&#8230; La Sup\u00e9rieure Double Vue Cath\u00e9drale Offrez-vous un s\u00e9jour inoubliable dans notre chambre Sup\u00e9rieure Double avec vue imprenable sur la majestueuse Cath\u00e9drale de Tournai.&hellip;\" \/>\n<meta property=\"og:url\" content=\"http:\/\/hemerahotel.com\/nl\/chambre-superieure-double-vue-cathedrale\/\" \/>\n<meta property=\"og:site_name\" content=\"Hemera\" \/>\n<meta property=\"article:modified_time\" content=\"2026-04-13T19:51:34+00:00\" \/>\n<meta property=\"og:image\" content=\"http:\/\/hemerahotel.com\/wp-content\/uploads\/2025\/06\/ch1.jpg\" \/>\n\t<meta property=\"og:image:width\" content=\"2000\" \/>\n\t<meta property=\"og:image:height\" content=\"1333\" \/>\n\t<meta property=\"og:image:type\" content=\"image\/jpeg\" \/>\n<meta name=\"twitter:card\" content=\"summary_large_image\" \/>\n<meta name=\"twitter:label1\" content=\"Geschatte leestijd\" \/>\n\t<meta name=\"twitter:data1\" content=\"2 minuten\" \/>\n<script type=\"application\/ld+json\" class=\"yoast-schema-graph\">{\"@context\":\"https:\/\/schema.org\",\"@graph\":[{\"@type\":\"WebPage\",\"@id\":\"http:\/\/hemerahotel.com\/chambre-superieure-double-vue-cathedrale\/\",\"url\":\"http:\/\/hemerahotel.com\/chambre-superieure-double-vue-cathedrale\/\",\"name\":\"Chambre Sup\u00e9rieure Double Vue Cath\u00e9drale | H\u00f4tel \u00e0 Tournai \u00e0 deux pas de la Cath\u00e9drale\",\"isPartOf\":{\"@id\":\"https:\/\/hemerahotel.com\/#website\"},\"primaryImageOfPage\":{\"@id\":\"http:\/\/hemerahotel.com\/chambre-superieure-double-vue-cathedrale\/#primaryimage\"},\"image\":{\"@id\":\"http:\/\/hemerahotel.com\/chambre-superieure-double-vue-cathedrale\/#primaryimage\"},\"thumbnailUrl\":\"https:\/\/hemerahotel.com\/wp-content\/uploads\/2025\/06\/ch1.jpg\",\"datePublished\":\"2025-04-15T13:13:14+00:00\",\"dateModified\":\"2026-04-13T19:51:34+00:00\",\"breadcrumb\":{\"@id\":\"http:\/\/hemerahotel.com\/chambre-superieure-double-vue-cathedrale\/#breadcrumb\"},\"inLanguage\":\"nl-NL\",\"potentialAction\":[{\"@type\":\"ReadAction\",\"target\":[\"http:\/\/hemerahotel.com\/chambre-superieure-double-vue-cathedrale\/\"]}]},{\"@type\":\"ImageObject\",\"inLanguage\":\"nl-NL\",\"@id\":\"http:\/\/hemerahotel.com\/chambre-superieure-double-vue-cathedrale\/#primaryimage\",\"url\":\"https:\/\/hemerahotel.com\/wp-content\/uploads\/2025\/06\/ch1.jpg\",\"contentUrl\":\"https:\/\/hemerahotel.com\/wp-content\/uploads\/2025\/06\/ch1.jpg\",\"width\":2000,\"height\":1333},{\"@type\":\"BreadcrumbList\",\"@id\":\"http:\/\/hemerahotel.com\/chambre-superieure-double-vue-cathedrale\/#breadcrumb\",\"itemListElement\":[{\"@type\":\"ListItem\",\"position\":1,\"name\":\"Accueil\",\"item\":\"http:\/\/hemerahotel.com\/\"},{\"@type\":\"ListItem\",\"position\":2,\"name\":\"Chambre Sup\u00e9rieure Double Vue Cath\u00e9drale\"}]},{\"@type\":\"WebSite\",\"@id\":\"https:\/\/hemerahotel.com\/#website\",\"url\":\"https:\/\/hemerahotel.com\/\",\"name\":\"Hemera\",\"description\":\"L\u2019\u00e9l\u00e9gance et le confort en plein c\u0153ur de Tournai.\",\"publisher\":{\"@id\":\"https:\/\/hemerahotel.com\/#organization\"},\"potentialAction\":[{\"@type\":\"SearchAction\",\"target\":{\"@type\":\"EntryPoint\",\"urlTemplate\":\"https:\/\/hemerahotel.com\/?s={search_term_string}\"},\"query-input\":{\"@type\":\"PropertyValueSpecification\",\"valueRequired\":true,\"valueName\":\"search_term_string\"}}],\"inLanguage\":\"nl-NL\"},{\"@type\":\"Organization\",\"@id\":\"https:\/\/hemerahotel.com\/#organization\",\"name\":\"Hemera\",\"url\":\"https:\/\/hemerahotel.com\/\",\"logo\":{\"@type\":\"ImageObject\",\"inLanguage\":\"nl-NL\",\"@id\":\"https:\/\/hemerahotel.com\/#\/schema\/logo\/image\/\",\"url\":\"https:\/\/hemerahotel.com\/wp-content\/uploads\/2025\/03\/17-03-25-HEMERA-LOGO-6.png\",\"contentUrl\":\"https:\/\/hemerahotel.com\/wp-content\/uploads\/2025\/03\/17-03-25-HEMERA-LOGO-6.png\",\"width\":4655,\"height\":5345,\"caption\":\"Hemera\"},\"image\":{\"@id\":\"https:\/\/hemerahotel.com\/#\/schema\/logo\/image\/\"}}]}<\/script>\n<!-- \/ Yoast SEO plugin. -->","yoast_head_json":{"title":"Chambre Sup\u00e9rieure Double Vue Cath\u00e9drale | H\u00f4tel \u00e0 Tournai \u00e0 deux pas de la Cath\u00e9drale","robots":{"index":"index","follow":"follow","max-snippet":"max-snippet:-1","max-image-preview":"max-image-preview:large","max-video-preview":"max-video-preview:-1"},"canonical":"http:\/\/hemerahotel.com\/nl\/chambre-superieure-double-vue-cathedrale\/","og_locale":"nl_NL","og_type":"article","og_title":"Chambre Sup\u00e9rieure Double Vue Cath\u00e9drale | H\u00f4tel \u00e0 Tournai \u00e0 deux pas de la Cath\u00e9drale","og_description":"Chambre Sup\u00e9rieure Double Vue Cath\u00e9drale Bient\u00f4t disponible&#8230; La Sup\u00e9rieure Double Vue Cath\u00e9drale Offrez-vous un s\u00e9jour inoubliable dans notre chambre Sup\u00e9rieure Double avec vue imprenable sur la majestueuse Cath\u00e9drale de Tournai.&hellip;","og_url":"http:\/\/hemerahotel.com\/nl\/chambre-superieure-double-vue-cathedrale\/","og_site_name":"Hemera","article_modified_time":"2026-04-13T19:51:34+00:00","og_image":[{"width":2000,"height":1333,"url":"http:\/\/hemerahotel.com\/wp-content\/uploads\/2025\/06\/ch1.jpg","type":"image\/jpeg"}],"twitter_card":"summary_large_image","twitter_misc":{"Geschatte leestijd":"2 minuten"},"schema":{"@context":"https:\/\/schema.org","@graph":[{"@type":"WebPage","@id":"http:\/\/hemerahotel.com\/chambre-superieure-double-vue-cathedrale\/","url":"http:\/\/hemerahotel.com\/chambre-superieure-double-vue-cathedrale\/","name":"Chambre Sup\u00e9rieure Double Vue Cath\u00e9drale | H\u00f4tel \u00e0 Tournai \u00e0 deux pas de la Cath\u00e9drale","isPartOf":{"@id":"https:\/\/hemerahotel.com\/#website"},"primaryImageOfPage":{"@id":"http:\/\/hemerahotel.com\/chambre-superieure-double-vue-cathedrale\/#primaryimage"},"image":{"@id":"http:\/\/hemerahotel.com\/chambre-superieure-double-vue-cathedrale\/#primaryimage"},"thumbnailUrl":"https:\/\/hemerahotel.com\/wp-content\/uploads\/2025\/06\/ch1.jpg","datePublished":"2025-04-15T13:13:14+00:00","dateModified":"2026-04-13T19:51:34+00:00","breadcrumb":{"@id":"http:\/\/hemerahotel.com\/chambre-superieure-double-vue-cathedrale\/#breadcrumb"},"inLanguage":"nl-NL","potentialAction":[{"@type":"ReadAction","target":["http:\/\/hemerahotel.com\/chambre-superieure-double-vue-cathedrale\/"]}]},{"@type":"ImageObject","inLanguage":"nl-NL","@id":"http:\/\/hemerahotel.com\/chambre-superieure-double-vue-cathedrale\/#primaryimage","url":"https:\/\/hemerahotel.com\/wp-content\/uploads\/2025\/06\/ch1.jpg","contentUrl":"https:\/\/hemerahotel.com\/wp-content\/uploads\/2025\/06\/ch1.jpg","width":2000,"height":1333},{"@type":"BreadcrumbList","@id":"http:\/\/hemerahotel.com\/chambre-superieure-double-vue-cathedrale\/#breadcrumb","itemListElement":[{"@type":"ListItem","position":1,"name":"Accueil","item":"http:\/\/hemerahotel.com\/"},{"@type":"ListItem","position":2,"name":"Chambre Sup\u00e9rieure Double Vue Cath\u00e9drale"}]},{"@type":"WebSite","@id":"https:\/\/hemerahotel.com\/#website","url":"https:\/\/hemerahotel.com\/","name":"Hemera","description":"Elegantie en comfort in het hart van Doornik.","publisher":{"@id":"https:\/\/hemerahotel.com\/#organization"},"potentialAction":[{"@type":"SearchAction","target":{"@type":"EntryPoint","urlTemplate":"https:\/\/hemerahotel.com\/?s={search_term_string}"},"query-input":{"@type":"PropertyValueSpecification","valueRequired":true,"valueName":"search_term_string"}}],"inLanguage":"nl-NL"},{"@type":"Organization","@id":"https:\/\/hemerahotel.com\/#organization","name":"Hemera","url":"https:\/\/hemerahotel.com\/","logo":{"@type":"ImageObject","inLanguage":"nl-NL","@id":"https:\/\/hemerahotel.com\/#\/schema\/logo\/image\/","url":"https:\/\/hemerahotel.com\/wp-content\/uploads\/2025\/03\/17-03-25-HEMERA-LOGO-6.png","contentUrl":"https:\/\/hemerahotel.com\/wp-content\/uploads\/2025\/03\/17-03-25-HEMERA-LOGO-6.png","width":4655,"height":5345,"caption":"Hemera"},"image":{"@id":"https:\/\/hemerahotel.com\/#\/schema\/logo\/image\/"}}]}},"_links":{"self":[{"href":"https:\/\/hemerahotel.com\/nl\/wp-json\/wp\/v2\/pages\/42410","targetHints":{"allow":["GET"]}}],"collection":[{"href":"https:\/\/hemerahotel.com\/nl\/wp-json\/wp\/v2\/pages"}],"about":[{"href":"https:\/\/hemerahotel.com\/nl\/wp-json\/wp\/v2\/types\/page"}],"author":[{"embeddable":true,"href":"https:\/\/hemerahotel.com\/nl\/wp-json\/wp\/v2\/users\/2"}],"replies":[{"embeddable":true,"href":"https:\/\/hemerahotel.com\/nl\/wp-json\/wp\/v2\/comments?post=42410"}],"version-history":[{"count":19,"href":"https:\/\/hemerahotel.com\/nl\/wp-json\/wp\/v2\/pages\/42410\/revisions"}],"predecessor-version":[{"id":42774,"href":"https:\/\/hemerahotel.com\/nl\/wp-json\/wp\/v2\/pages\/42410\/revisions\/42774"}],"wp:featuredmedia":[{"embeddable":true,"href":"https:\/\/hemerahotel.com\/nl\/wp-json\/wp\/v2\/media\/43068"}],"wp:attachment":[{"href":"https:\/\/hemerahotel.com\/nl\/wp-json\/wp\/v2\/media?parent=42410"}],"curies":[{"name":"wp","href":"https:\/\/api.w.org\/{rel}","templated":true}]}}