{"id":1440,"date":"2020-04-30T10:32:31","date_gmt":"2020-04-30T10:32:31","guid":{"rendered":"https:\/\/hemerahotel.com\/?page_id=1440"},"modified":"2026-04-13T19:51:45","modified_gmt":"2026-04-13T19:51:45","slug":"contact","status":"publish","type":"page","link":"https:\/\/hemerahotel.com\/it\/contact\/","title":{"rendered":"Contatto"},"content":{"rendered":"<div data-elementor-type=\"wp-page\" data-elementor-id=\"1440\" class=\"elementor elementor-1440\">\n\t\t\t\t\t\t<section class=\"elementor-section elementor-top-section elementor-element elementor-element-13cb3c1 elementor-section-boxed elementor-section-height-default elementor-section-height-default sc_fly_static\" data-id=\"13cb3c1\" data-element_type=\"section\" data-settings=\"{&quot;background_background&quot;:&quot;classic&quot;}\">\n\t\t\t\t\t\t\t<div class=\"elementor-background-overlay\"><\/div>\n\t\t\t\t\t\t\t<div class=\"elementor-container elementor-column-gap-extended\">\n\t\t\t\t\t<div class=\"elementor-column elementor-col-100 elementor-top-column elementor-element elementor-element-926c3e8 sc_content_align_inherit sc_layouts_column_icons_position_left sc_fly_static\" data-id=\"926c3e8\" data-element_type=\"column\">\n\t\t\t<div class=\"elementor-widget-wrap\">\n\t\t\t\t\t\t\t<\/div>\n\t\t<\/div>\n\t\t\t\t\t<\/div>\n\t\t<\/section>\n\t\t\t\t<section class=\"elementor-section elementor-top-section elementor-element elementor-element-c32bfb9 elementor-section-full_width elementor-section-height-default elementor-section-height-default sc_fly_static\" data-id=\"c32bfb9\" data-element_type=\"section\" data-settings=\"{&quot;background_background&quot;:&quot;classic&quot;}\">\n\t\t\t\t\t\t\t<div class=\"elementor-background-overlay\"><\/div>\n\t\t\t\t\t\t\t<div class=\"elementor-container elementor-column-gap-no\">\n\t\t\t\t\t<div class=\"elementor-column elementor-col-100 elementor-top-column elementor-element elementor-element-427da4e sc_content_align_inherit sc_layouts_column_icons_position_left sc_fly_static\" data-id=\"427da4e\" data-element_type=\"column\">\n\t\t\t<div class=\"elementor-widget-wrap elementor-element-populated\">\n\t\t\t\t\t\t<div class=\"elementor-element elementor-element-48b21b4 sc_fly_static elementor-widget elementor-widget-heading\" data-id=\"48b21b4\" data-element_type=\"widget\" data-widget_type=\"heading.default\">\n\t\t\t\t<div class=\"elementor-widget-container\">\n\t\t\t\t\t<h1 class=\"elementor-heading-title elementor-size-default\">Contatto<\/h1>\t\t\t\t<\/div>\n\t\t\t\t<\/div>\n\t\t\t\t<div class=\"elementor-element elementor-element-1d54173 sc_height_extra_huge sc_fly_static elementor-widget elementor-widget-spacer\" data-id=\"1d54173\" data-element_type=\"widget\" data-widget_type=\"spacer.default\">\n\t\t\t\t<div class=\"elementor-widget-container\">\n\t\t\t\t\t\t\t<div class=\"elementor-spacer\">\n\t\t\t<div class=\"elementor-spacer-inner\"><\/div>\n\t\t<\/div>\n\t\t\t\t\t\t<\/div>\n\t\t\t\t<\/div>\n\t\t\t\t<section class=\"elementor-section elementor-inner-section elementor-element elementor-element-3e4f56c elementor-section-boxed elementor-section-height-default elementor-section-height-default sc_fly_static\" data-id=\"3e4f56c\" data-element_type=\"section\">\n\t\t\t\t\t\t<div class=\"elementor-container elementor-column-gap-extended\">\n\t\t\t\t\t<div class=\"elementor-column elementor-col-50 elementor-inner-column elementor-element elementor-element-558ae6e sc_content_align_inherit sc_layouts_column_icons_position_left sc_fly_static\" data-id=\"558ae6e\" data-element_type=\"column\">\n\t\t\t<div class=\"elementor-widget-wrap elementor-element-populated\">\n\t\t\t\t\t\t<div class=\"elementor-element elementor-element-e914d30 elementor-widget__width-initial sc_fly_static elementor-widget elementor-widget-trx_sc_title\" data-id=\"e914d30\" data-element_type=\"widget\" data-widget_type=\"trx_sc_title.default\">\n\t\t\t\t<div class=\"elementor-widget-container\">\n\t\t\t\t\t<div\t\tclass=\"sc_title color_style_dark sc_title_default\" ><h1 class=\"sc_item_title sc_title_title sc_item_title_style_default sc_item_title_tag\"\n\t\t\t><span class=\"sc_item_title_text\">Avete una domanda?<\/span><\/h1><\/div>\t\t\t\t<\/div>\n\t\t\t\t<\/div>\n\t\t\t\t<div class=\"elementor-element elementor-element-d80536c sc_height_small sc_fly_static elementor-widget elementor-widget-spacer\" data-id=\"d80536c\" data-element_type=\"widget\" data-widget_type=\"spacer.default\">\n\t\t\t\t<div class=\"elementor-widget-container\">\n\t\t\t\t\t\t\t<div class=\"elementor-spacer\">\n\t\t\t<div class=\"elementor-spacer-inner\"><\/div>\n\t\t<\/div>\n\t\t\t\t\t\t<\/div>\n\t\t\t\t<\/div>\n\t\t\t\t<div class=\"elementor-element elementor-element-24d0a44 sc_fly_static elementor-widget elementor-widget-trx_sc_icons\" data-id=\"24d0a44\" data-element_type=\"widget\" data-widget_type=\"trx_sc_icons.default\">\n\t\t\t\t<div class=\"elementor-widget-container\">\n\t\t\t\t\t<div \tclass=\"sc_icons sc_icons_simple sc_icons_size_small sc_align_none\" ><div class=\"sc_icons_item with_more\"><div class=\"sc_icons_item_details\"><div class=\"sc_icons_item_description\" style=\"color:#FFFFFF;\"><span>Piazza Saint-Pierre 2, 7500 Tournai<\/span><\/div><\/div><\/div><div class=\"sc_icons_item sc_icons_item_linked\"><div class=\"sc_icons_item_details\"><div class=\"sc_icons_item_description\" style=\"color:#FFFFFF;\"><span>info@hemerahotel.com<\/span><\/div><a href=\"mailto:info@hemerahotel.com\"\n                        class=\"sc_icons_item_link\">\n                        <\/a><\/div><\/div><div class=\"sc_icons_item sc_icons_item_linked\"><div class=\"sc_icons_item_details\"><div class=\"sc_icons_item_description\" style=\"color:#FFFFFF;\"><span>+32 69 60 38 00<\/span><\/div><a href=\"tel:3269603800\"\n                        class=\"sc_icons_item_link\">\n                        <\/a><\/div><\/div><\/div><!-- \/.sc_icons -->\t\t\t\t<\/div>\n\t\t\t\t<\/div>\n\t\t\t\t<div class=\"elementor-element elementor-element-6d5eccb sc_layouts_hide_on_mobile sc_fly_static elementor-widget elementor-widget-spacer\" data-id=\"6d5eccb\" data-element_type=\"widget\" data-widget_type=\"spacer.default\">\n\t\t\t\t<div class=\"elementor-widget-container\">\n\t\t\t\t\t\t\t<div class=\"elementor-spacer\">\n\t\t\t<div class=\"elementor-spacer-inner\"><\/div>\n\t\t<\/div>\n\t\t\t\t\t\t<\/div>\n\t\t\t\t<\/div>\n\t\t\t\t<div class=\"elementor-element elementor-element-23550ed sc_fly_static elementor-widget elementor-widget-trx_sc_socials\" data-id=\"23550ed\" data-element_type=\"widget\" data-widget_type=\"trx_sc_socials.default\">\n\t\t\t\t<div class=\"elementor-widget-container\">\n\t\t\t\t\t<div  \n\t\tclass=\"sc_socials sc_socials_default sc_align_none\" ><div class=\"socials_wrap sc_item_content\"><a target=\"_blank\" href=\"https:\/\/www.facebook.com\/profile.php?id=61572392199558\" class=\"social_item social_item_style_icons sc_icon_type_icons social_item_type_icons\"><span class=\"social_icon social_icon_facebook-1\" style=\"\"><span class=\"icon-facebook-1\"><\/span><\/span><\/a><a target=\"_blank\" href=\"https:\/\/www.instagram.com\/hotel_hemera_\/\" class=\"social_item social_item_style_icons sc_icon_type_icons social_item_type_icons\"><span class=\"social_icon social_icon_instagram\" style=\"\"><span class=\"icon-instagram\"><\/span><\/span><\/a><\/div><\/div>\t\t\t\t<\/div>\n\t\t\t\t<\/div>\n\t\t\t\t\t<\/div>\n\t\t<\/div>\n\t\t\t\t<div class=\"elementor-column elementor-col-50 elementor-inner-column elementor-element elementor-element-cdd7742 sc_content_align_inherit sc_layouts_column_icons_position_left sc_fly_static\" data-id=\"cdd7742\" data-element_type=\"column\" data-settings=\"{&quot;background_background&quot;:&quot;classic&quot;}\">\n\t\t\t<div class=\"elementor-widget-wrap elementor-element-populated\">\n\t\t\t\t\t\t<div class=\"elementor-element elementor-element-27b880a sc_fly_static elementor-widget elementor-widget-shortcode\" data-id=\"27b880a\" data-element_type=\"widget\" data-widget_type=\"shortcode.default\">\n\t\t\t\t<div class=\"elementor-widget-container\">\n\t\t\t\t\t\t\t<div class=\"elementor-shortcode\"><div class=\"forminator-ui forminator-custom-form forminator-custom-form-42266 forminator-design--material  forminator_ajax\" data-forminator-render=\"0\" data-form=\"forminator-module-42266\" data-uid=\"69e39eca20196\"><br\/><\/div><form\n\t\t\t\tid=\"forminator-module-42266\"\n\t\t\t\tclass=\"forminator-ui forminator-custom-form forminator-custom-form-42266 forminator-design--material  forminator_ajax\"\n\t\t\t\tmethod=\"post\"\n\t\t\t\tdata-forminator-render=\"0\"\n\t\t\t\tdata-form-id=\"42266\"\n\t\t\t\t data-color-option=\"theme\" data-design=\"material\" data-grid=\"open\" style=\"display: none;\"\n\t\t\t\tdata-uid=\"69e39eca20196\" action=\"\"\n\t\t\t><div role=\"alert\" aria-live=\"polite\" class=\"forminator-response-message forminator-error\" aria-hidden=\"true\"><\/div><div class=\"forminator-row\"><div id=\"name-1\" class=\"forminator-field-name forminator-col forminator-col-12\"><div class=\"forminator-field\"><input type=\"text\" name=\"name-1\" value=\"\" placeholder=\"Nome e cognome\" id=\"forminator-field-name-1_69e39eca20196\" class=\"forminator-input forminator-name--field\" aria-required=\"true\" autocomplete=\"name\" \/><\/div><\/div><\/div><div class=\"forminator-row\"><div id=\"email-1\" class=\"forminator-field-email forminator-col forminator-col-12\"><div class=\"forminator-field\"><input type=\"email\" name=\"email-1\" value=\"\" placeholder=\"Indirizzo e-mail\" id=\"forminator-field-email-1_69e39eca20196\" class=\"forminator-input forminator-email--field\" data-required=\"true\" aria-required=\"true\" autocomplete=\"email\" \/><\/div><\/div><\/div><div class=\"forminator-row\"><div id=\"phone-1\" class=\"forminator-field-phone forminator-col forminator-col-12\"><div class=\"forminator-field\"><input type=\"text\" name=\"phone-1\" value=\"\" placeholder=\"Telefono\" id=\"forminator-field-phone-1_69e39eca20196\" class=\"forminator-input forminator-field--phone\" data-required=\"\" aria-required=\"false\" autocomplete=\"off\" \/><\/div><\/div><\/div><div class=\"forminator-row\"><div id=\"textarea-1\" class=\"forminator-field-textarea forminator-col forminator-col-12\"><div class=\"forminator-field\"><span id=\"forminator-field-textarea-1_69e39eca20196-description\" class=\"forminator-description\"><span data-limit=\"180\" data-type=\"characters\" data-editor=\"\">0 \/ 180<\/span><\/span><textarea name=\"textarea-1\" placeholder=\"Scrivi il tuo messaggio...\" id=\"forminator-field-textarea-1_69e39eca20196\" class=\"forminator-textarea\" rows=\"6\" style=\"min-height:140px;\" maxlength=\"180\" ><\/textarea><\/div><\/div><\/div><div class=\"forminator-row\"><div id=\"captcha-1\" class=\"forminator-field-captcha forminator-col forminator-col-12\"><div class=\"forminator-captcha-left forminator-g-recaptcha\" data-theme=\"light\"  data-sitekey=\"6Lcf10IrAAAAAIngVLpZLnpG2sYIjbIZjXOanxZL\" data-size=\"normal\"><\/div> <\/div><\/div><input type=\"hidden\" name=\"referer_url\" value=\"\" \/><div class=\"forminator-row forminator-row-last\"><div class=\"forminator-col\"><div class=\"forminator-field\"><button class=\"forminator-button forminator-button-submit\"><span>INVIO<\/span><span aria-hidden=\"true\"><\/span><\/button><\/div><\/div><\/div><input type=\"hidden\" id=\"forminator_nonce\" name=\"forminator_nonce\" value=\"004e5e7079\" \/><input type=\"hidden\" name=\"_wp_http_referer\" value=\"\/it\/wp-json\/wp\/v2\/pages\/1440\" \/><input type=\"hidden\" name=\"form_id\" value=\"42266\"><input type=\"hidden\" name=\"page_id\" value=\"1440\"><input type=\"hidden\" name=\"form_type\" value=\"default\"><input type=\"hidden\" name=\"current_url\" value=\"https:\/\/hemerahotel.com\/it\/contact\/\"><input type=\"hidden\" name=\"render_id\" value=\"0\"><input type=\"hidden\" name=\"action\" value=\"forminator_submit_form_custom-forms\"><input type=\"hidden\" name=\"trp-form-language\" value=\"it\"\/><\/form><\/div>\n\t\t\t\t\t\t<\/div>\n\t\t\t\t<\/div>\n\t\t\t\t\t<\/div>\n\t\t<\/div>\n\t\t\t\t\t<\/div>\n\t\t<\/section>\n\t\t\t\t<section class=\"elementor-section elementor-inner-section elementor-element elementor-element-0b8ebc3 elementor-section-boxed elementor-section-height-default elementor-section-height-default sc_fly_static\" data-id=\"0b8ebc3\" data-element_type=\"section\">\n\t\t\t\t\t\t<div class=\"elementor-container elementor-column-gap-extended\">\n\t\t\t\t\t<div class=\"elementor-column elementor-col-100 elementor-inner-column elementor-element elementor-element-615eb5a sc_content_align_inherit sc_layouts_column_icons_position_left sc_fly_static\" data-id=\"615eb5a\" data-element_type=\"column\">\n\t\t\t<div class=\"elementor-widget-wrap elementor-element-populated\">\n\t\t\t\t\t\t<div class=\"elementor-element elementor-element-fc77f19 sc_height_extra_huge sc_fly_static elementor-widget elementor-widget-spacer\" data-id=\"fc77f19\" data-element_type=\"widget\" data-widget_type=\"spacer.default\">\n\t\t\t\t<div class=\"elementor-widget-container\">\n\t\t\t\t\t\t\t<div class=\"elementor-spacer\">\n\t\t\t<div class=\"elementor-spacer-inner\"><\/div>\n\t\t<\/div>\n\t\t\t\t\t\t<\/div>\n\t\t\t\t<\/div>\n\t\t\t\t\t<\/div>\n\t\t<\/div>\n\t\t\t\t\t<\/div>\n\t\t<\/section>\n\t\t\t\t\t<\/div>\n\t\t<\/div>\n\t\t\t\t\t<\/div>\n\t\t<\/section>\n\t\t\t\t<\/div>","protected":false},"excerpt":{"rendered":"<p>Contact Une question? Place Saint-Pierre 2, 7500 Tournaiinfo@hemerahotel.com +32 69 60 38 00<\/p>","protected":false},"author":1,"featured_media":0,"parent":0,"menu_order":0,"comment_status":"closed","ping_status":"closed","template":"","meta":{"_joinchat":[],"footnotes":""},"class_list":["post-1440","page","type-page","status-publish","hentry"],"yoast_head":"<!-- This site is optimized with the Yoast SEO plugin v25.5 - https:\/\/yoast.com\/wordpress\/plugins\/seo\/ -->\n<title>Contact | H\u00f4tel \u00e0 Tournai \u00e0 deux pas de la Cath\u00e9drale<\/title>\n<meta name=\"robots\" content=\"index, follow, max-snippet:-1, max-image-preview:large, max-video-preview:-1\" \/>\n<link rel=\"canonical\" href=\"http:\/\/hemerahotel.com\/it\/contact\/\" \/>\n<meta property=\"og:locale\" content=\"it_IT\" \/>\n<meta property=\"og:type\" content=\"article\" \/>\n<meta property=\"og:title\" content=\"Contact | H\u00f4tel \u00e0 Tournai \u00e0 deux pas de la Cath\u00e9drale\" \/>\n<meta property=\"og:description\" content=\"Contact Une question? Place Saint-Pierre 2, 7500 Tournaiinfo@hemerahotel.com +32 69 60 38 00\" \/>\n<meta property=\"og:url\" content=\"http:\/\/hemerahotel.com\/it\/contact\/\" \/>\n<meta property=\"og:site_name\" content=\"Hemera\" \/>\n<meta property=\"article:modified_time\" content=\"2026-04-13T19:51:45+00:00\" \/>\n<meta name=\"twitter:card\" content=\"summary_large_image\" \/>\n<meta name=\"twitter:label1\" content=\"Tempo di lettura stimato\" \/>\n\t<meta name=\"twitter:data1\" content=\"1 minuto\" \/>\n<script type=\"application\/ld+json\" class=\"yoast-schema-graph\">{\"@context\":\"https:\/\/schema.org\",\"@graph\":[{\"@type\":\"WebPage\",\"@id\":\"http:\/\/hemerahotel.com\/contact\/\",\"url\":\"http:\/\/hemerahotel.com\/contact\/\",\"name\":\"Contact | H\u00f4tel \u00e0 Tournai \u00e0 deux pas de la Cath\u00e9drale\",\"isPartOf\":{\"@id\":\"https:\/\/hemerahotel.com\/#website\"},\"datePublished\":\"2020-04-30T10:32:31+00:00\",\"dateModified\":\"2026-04-13T19:51:45+00:00\",\"breadcrumb\":{\"@id\":\"http:\/\/hemerahotel.com\/contact\/#breadcrumb\"},\"inLanguage\":\"it-IT\",\"potentialAction\":[{\"@type\":\"ReadAction\",\"target\":[\"http:\/\/hemerahotel.com\/contact\/\"]}]},{\"@type\":\"BreadcrumbList\",\"@id\":\"http:\/\/hemerahotel.com\/contact\/#breadcrumb\",\"itemListElement\":[{\"@type\":\"ListItem\",\"position\":1,\"name\":\"Accueil\",\"item\":\"http:\/\/hemerahotel.com\/\"},{\"@type\":\"ListItem\",\"position\":2,\"name\":\"Contact\"}]},{\"@type\":\"WebSite\",\"@id\":\"https:\/\/hemerahotel.com\/#website\",\"url\":\"https:\/\/hemerahotel.com\/\",\"name\":\"Hemera\",\"description\":\"L\u2019\u00e9l\u00e9gance et le confort en plein c\u0153ur de Tournai.\",\"publisher\":{\"@id\":\"https:\/\/hemerahotel.com\/#organization\"},\"potentialAction\":[{\"@type\":\"SearchAction\",\"target\":{\"@type\":\"EntryPoint\",\"urlTemplate\":\"https:\/\/hemerahotel.com\/?s={search_term_string}\"},\"query-input\":{\"@type\":\"PropertyValueSpecification\",\"valueRequired\":true,\"valueName\":\"search_term_string\"}}],\"inLanguage\":\"it-IT\"},{\"@type\":\"Organization\",\"@id\":\"https:\/\/hemerahotel.com\/#organization\",\"name\":\"Hemera\",\"url\":\"https:\/\/hemerahotel.com\/\",\"logo\":{\"@type\":\"ImageObject\",\"inLanguage\":\"it-IT\",\"@id\":\"https:\/\/hemerahotel.com\/#\/schema\/logo\/image\/\",\"url\":\"https:\/\/hemerahotel.com\/wp-content\/uploads\/2025\/03\/17-03-25-HEMERA-LOGO-6.png\",\"contentUrl\":\"https:\/\/hemerahotel.com\/wp-content\/uploads\/2025\/03\/17-03-25-HEMERA-LOGO-6.png\",\"width\":4655,\"height\":5345,\"caption\":\"Hemera\"},\"image\":{\"@id\":\"https:\/\/hemerahotel.com\/#\/schema\/logo\/image\/\"}}]}<\/script>\n<!-- \/ Yoast SEO plugin. -->","yoast_head_json":{"title":"Contact | H\u00f4tel \u00e0 Tournai \u00e0 deux pas de la Cath\u00e9drale","robots":{"index":"index","follow":"follow","max-snippet":"max-snippet:-1","max-image-preview":"max-image-preview:large","max-video-preview":"max-video-preview:-1"},"canonical":"http:\/\/hemerahotel.com\/it\/contact\/","og_locale":"it_IT","og_type":"article","og_title":"Contact | H\u00f4tel \u00e0 Tournai \u00e0 deux pas de la Cath\u00e9drale","og_description":"Contact Une question? Place Saint-Pierre 2, 7500 Tournaiinfo@hemerahotel.com +32 69 60 38 00","og_url":"http:\/\/hemerahotel.com\/it\/contact\/","og_site_name":"Hemera","article_modified_time":"2026-04-13T19:51:45+00:00","twitter_card":"summary_large_image","twitter_misc":{"Tempo di lettura stimato":"1 minuto"},"schema":{"@context":"https:\/\/schema.org","@graph":[{"@type":"WebPage","@id":"http:\/\/hemerahotel.com\/contact\/","url":"http:\/\/hemerahotel.com\/contact\/","name":"Contact | H\u00f4tel \u00e0 Tournai \u00e0 deux pas de la Cath\u00e9drale","isPartOf":{"@id":"https:\/\/hemerahotel.com\/#website"},"datePublished":"2020-04-30T10:32:31+00:00","dateModified":"2026-04-13T19:51:45+00:00","breadcrumb":{"@id":"http:\/\/hemerahotel.com\/contact\/#breadcrumb"},"inLanguage":"it-IT","potentialAction":[{"@type":"ReadAction","target":["http:\/\/hemerahotel.com\/contact\/"]}]},{"@type":"BreadcrumbList","@id":"http:\/\/hemerahotel.com\/contact\/#breadcrumb","itemListElement":[{"@type":"ListItem","position":1,"name":"Accueil","item":"http:\/\/hemerahotel.com\/"},{"@type":"ListItem","position":2,"name":"Contact"}]},{"@type":"WebSite","@id":"https:\/\/hemerahotel.com\/#website","url":"https:\/\/hemerahotel.com\/","name":"Hemera","description":"L\u2019\u00e9l\u00e9gance et le confort en plein c\u0153ur de Tournai.","publisher":{"@id":"https:\/\/hemerahotel.com\/#organization"},"potentialAction":[{"@type":"SearchAction","target":{"@type":"EntryPoint","urlTemplate":"https:\/\/hemerahotel.com\/?s={search_term_string}"},"query-input":{"@type":"PropertyValueSpecification","valueRequired":true,"valueName":"search_term_string"}}],"inLanguage":"it-IT"},{"@type":"Organization","@id":"https:\/\/hemerahotel.com\/#organization","name":"Hemera","url":"https:\/\/hemerahotel.com\/","logo":{"@type":"ImageObject","inLanguage":"it-IT","@id":"https:\/\/hemerahotel.com\/#\/schema\/logo\/image\/","url":"https:\/\/hemerahotel.com\/wp-content\/uploads\/2025\/03\/17-03-25-HEMERA-LOGO-6.png","contentUrl":"https:\/\/hemerahotel.com\/wp-content\/uploads\/2025\/03\/17-03-25-HEMERA-LOGO-6.png","width":4655,"height":5345,"caption":"Hemera"},"image":{"@id":"https:\/\/hemerahotel.com\/#\/schema\/logo\/image\/"}}]}},"_links":{"self":[{"href":"https:\/\/hemerahotel.com\/it\/wp-json\/wp\/v2\/pages\/1440","targetHints":{"allow":["GET"]}}],"collection":[{"href":"https:\/\/hemerahotel.com\/it\/wp-json\/wp\/v2\/pages"}],"about":[{"href":"https:\/\/hemerahotel.com\/it\/wp-json\/wp\/v2\/types\/page"}],"author":[{"embeddable":true,"href":"https:\/\/hemerahotel.com\/it\/wp-json\/wp\/v2\/users\/1"}],"replies":[{"embeddable":true,"href":"https:\/\/hemerahotel.com\/it\/wp-json\/wp\/v2\/comments?post=1440"}],"version-history":[{"count":77,"href":"https:\/\/hemerahotel.com\/it\/wp-json\/wp\/v2\/pages\/1440\/revisions"}],"predecessor-version":[{"id":43060,"href":"https:\/\/hemerahotel.com\/it\/wp-json\/wp\/v2\/pages\/1440\/revisions\/43060"}],"wp:attachment":[{"href":"https:\/\/hemerahotel.com\/it\/wp-json\/wp\/v2\/media?parent=1440"}],"curies":[{"name":"wp","href":"https:\/\/api.w.org\/{rel}","templated":true}]}}