{"id":12954,"date":"2020-08-27T08:23:10","date_gmt":"2020-08-27T08:23:10","guid":{"rendered":"https:\/\/hemerahotel.com\/?page_id=12954"},"modified":"2026-04-13T19:51:44","modified_gmt":"2026-04-13T19:51:44","slug":"privacy-policy","status":"publish","type":"page","link":"https:\/\/hemerahotel.com\/es\/privacy-policy\/","title":{"rendered":"Pol\u00edtica de privacidad"},"content":{"rendered":"<div data-elementor-type=\"wp-page\" data-elementor-id=\"12954\" class=\"elementor elementor-12954\">\n\t\t\t\t\t\t<section class=\"elementor-section elementor-top-section elementor-element elementor-element-2b1184b0 elementor-section-boxed elementor-section-height-default elementor-section-height-default sc_fly_static\" data-id=\"2b1184b0\" data-element_type=\"section\" data-settings=\"{&quot;background_background&quot;:&quot;classic&quot;}\">\n\t\t\t\t\t\t<div class=\"elementor-container elementor-column-gap-extended\">\n\t\t\t\t\t<div class=\"elementor-column elementor-col-100 elementor-top-column elementor-element elementor-element-153e1c19 sc_content_align_inherit sc_layouts_column_icons_position_left sc_fly_static\" data-id=\"153e1c19\" data-element_type=\"column\">\n\t\t\t<div class=\"elementor-widget-wrap elementor-element-populated\">\n\t\t\t\t\t\t<div class=\"elementor-element elementor-element-54db29de sc_fly_static elementor-widget elementor-widget-text-editor\" data-id=\"54db29de\" data-element_type=\"widget\" data-widget_type=\"text-editor.default\">\n\t\t\t\t<div class=\"elementor-widget-container\">\n\t\t\t\t\t\t\t\t\t<h5>Gesti\u00f3n de cookies<\/h5><p>Al utilizar nuestro sitio, usted declara expl\u00edcitamente haber le\u00eddo la pol\u00edtica de confidencialidad del Hotel Hemera, inform\u00e1ndole as\u00ed del tratamiento de sus datos personales de conformidad con los t\u00e9rminos y principios aqu\u00ed descritos.<\/p><p>Nuestro sitio utiliza cookies para mejorar su funcionalidad. Las cookies son datos que se guardan en su dispositivo y permiten al sitio conservar cierta informaci\u00f3n sobre usted para una mejor navegaci\u00f3n.<\/p><p>Utilizamos varias cookies para fines espec\u00edficos: <br \/>\u25d9 Cookies necesarias: se utilizan para permitir el uso correcto de diversas funciones en el sitio. Estas cookies no recogen ning\u00fan dato personal; <br \/>\u25d9 Cookies funcionales: son cookies que facilitan el uso de determinadas funciones del sitio. Por ejemplo, pueden registrar la direcci\u00f3n del usuario para rellenar autom\u00e1ticamente el campo \"direcci\u00f3n\" de un formulario y evitar que el usuario tenga que rellenarlo \u00e9l mismo.<\/p><p>Al hacer clic en el bot\u00f3n \"Acepto\", acepta el uso de cookies (art\u00edculo 6, 1, a del RGPD). Puede retirar esta aprobaci\u00f3n en cualquier momento haciendo clic en el bot\u00f3n \"Pol\u00edtica de privacidad\" situado en la parte inferior del sitio. Si no desea autorizar las cookies, el uso de determinadas funciones puede verse alterado.<\/p>\t\t\t\t\t\t\t\t<\/div>\n\t\t\t\t<\/div>\n\t\t\t\t\t<\/div>\n\t\t<\/div>\n\t\t\t\t\t<\/div>\n\t\t<\/section>\n\t\t\t\t<section class=\"elementor-section elementor-top-section elementor-element elementor-element-7ef86bc8 elementor-section-boxed elementor-section-height-default elementor-section-height-default sc_fly_static\" data-id=\"7ef86bc8\" data-element_type=\"section\">\n\t\t\t\t\t\t<div class=\"elementor-container elementor-column-gap-extended\">\n\t\t\t\t\t<div class=\"elementor-column elementor-col-100 elementor-top-column elementor-element elementor-element-19372eea sc_content_align_inherit sc_layouts_column_icons_position_left sc_fly_static\" data-id=\"19372eea\" data-element_type=\"column\">\n\t\t\t<div class=\"elementor-widget-wrap elementor-element-populated\">\n\t\t\t\t\t\t<div class=\"elementor-element elementor-element-690b98ed sc_fly_static elementor-widget elementor-widget-spacer\" data-id=\"690b98ed\" data-element_type=\"widget\" data-widget_type=\"spacer.default\">\n\t\t\t\t<div class=\"elementor-widget-container\">\n\t\t\t\t\t\t\t<div class=\"elementor-spacer\">\n\t\t\t<div class=\"elementor-spacer-inner\"><\/div>\n\t\t<\/div>\n\t\t\t\t\t\t<\/div>\n\t\t\t\t<\/div>\n\t\t\t\t\t<\/div>\n\t\t<\/div>\n\t\t\t\t\t<\/div>\n\t\t<\/section>\n\t\t\t\t<section class=\"elementor-section elementor-top-section elementor-element elementor-element-a2ec18c elementor-section-boxed elementor-section-height-default elementor-section-height-default sc_fly_static\" data-id=\"a2ec18c\" data-element_type=\"section\" data-settings=\"{&quot;background_background&quot;:&quot;classic&quot;}\">\n\t\t\t\t\t\t<div class=\"elementor-container elementor-column-gap-extended\">\n\t\t\t\t\t<div class=\"elementor-column elementor-col-100 elementor-top-column elementor-element elementor-element-e4f67bc sc_content_align_inherit sc_layouts_column_icons_position_left sc_fly_static\" data-id=\"e4f67bc\" data-element_type=\"column\">\n\t\t\t<div class=\"elementor-widget-wrap elementor-element-populated\">\n\t\t\t\t\t\t<div class=\"elementor-element elementor-element-fc87c00 sc_fly_static elementor-widget elementor-widget-text-editor\" data-id=\"fc87c00\" data-element_type=\"widget\" data-widget_type=\"text-editor.default\">\n\t\t\t\t<div class=\"elementor-widget-container\">\n\t\t\t\t\t\t\t\t\t<h5>Tratamiento de datos personales<\/h5><p>Hotel Hemera act\u00faa como responsable del tratamiento de los datos personales recogidos y tratados en relaci\u00f3n con su uso del sitio.<\/p><p>Todos los datos relativos al usuario recogidos a trav\u00e9s de cookies o formularios del sitio se almacenan en nuestra base de datos s\u00f3lo si el usuario ha dado su consentimiento previo. Esta informaci\u00f3n no se utilizar\u00e1 para fines distintos de los que el usuario haya aceptado. El usuario dispone de un derecho de acceso a toda la informaci\u00f3n que le concierne: puede consultarla, modificarla o suprimirla cuando lo desee y sin tener que dar ninguna raz\u00f3n a L'H\u00f4tel Hemera . Para ello, el usuario puede ponerse en contacto con el responsable del tratamiento por correo electr\u00f3nico en la direcci\u00f3n info@hemerahotel.com.<\/p><p>Una vez introducida la solicitud, Hotel Hemera se pondr\u00e1 en contacto con el usuario a la mayor brevedad posible para dar curso a su petici\u00f3n.<\/p><p>Sus datos podr\u00e1n utilizarse para : <br \/>\u25d9 Permita que L'H\u00f4tel Hemera responda a sus peticiones;<br \/>\u25d9 Prestaci\u00f3n de nuestros servicios al usuario; <br \/>\u25d9 Mejorar la experiencia del usuario ; <br \/>\u25d9 Analizar estos datos para mejorar el funcionamiento del sitio;<\/p><p>Sus datos no ser\u00e1n transmitidos a terceros sin su consentimiento. El Hotel Hemera no divulga sus datos personales a terceros con fines de marketing directo, ni los trata con fines de prospecci\u00f3n, incluida la elaboraci\u00f3n de perfiles.<\/p>\t\t\t\t\t\t\t\t<\/div>\n\t\t\t\t<\/div>\n\t\t\t\t\t<\/div>\n\t\t<\/div>\n\t\t\t\t\t<\/div>\n\t\t<\/section>\n\t\t\t\t<section class=\"elementor-section elementor-top-section elementor-element elementor-element-1ce0fbce elementor-section-boxed elementor-section-height-default elementor-section-height-default sc_fly_static\" data-id=\"1ce0fbce\" data-element_type=\"section\">\n\t\t\t\t\t\t<div class=\"elementor-container elementor-column-gap-extended\">\n\t\t\t\t\t<div class=\"elementor-column elementor-col-100 elementor-top-column elementor-element elementor-element-71737124 sc_content_align_inherit sc_layouts_column_icons_position_left sc_fly_static\" data-id=\"71737124\" data-element_type=\"column\">\n\t\t\t<div class=\"elementor-widget-wrap elementor-element-populated\">\n\t\t\t\t\t\t<div class=\"elementor-element elementor-element-653057c1 sc_fly_static elementor-widget elementor-widget-spacer\" data-id=\"653057c1\" data-element_type=\"widget\" data-widget_type=\"spacer.default\">\n\t\t\t\t<div class=\"elementor-widget-container\">\n\t\t\t\t\t\t\t<div class=\"elementor-spacer\">\n\t\t\t<div class=\"elementor-spacer-inner\"><\/div>\n\t\t<\/div>\n\t\t\t\t\t\t<\/div>\n\t\t\t\t<\/div>\n\t\t\t\t\t<\/div>\n\t\t<\/div>\n\t\t\t\t\t<\/div>\n\t\t<\/section>\n\t\t\t\t<section class=\"elementor-section elementor-top-section elementor-element elementor-element-7321157f elementor-section-boxed elementor-section-height-default elementor-section-height-default sc_fly_static\" data-id=\"7321157f\" data-element_type=\"section\" data-settings=\"{&quot;background_background&quot;:&quot;classic&quot;}\">\n\t\t\t\t\t\t<div class=\"elementor-container elementor-column-gap-extended\">\n\t\t\t\t\t<div class=\"elementor-column elementor-col-100 elementor-top-column elementor-element elementor-element-770fd656 sc_content_align_inherit sc_layouts_column_icons_position_left sc_fly_static\" data-id=\"770fd656\" data-element_type=\"column\">\n\t\t\t<div class=\"elementor-widget-wrap elementor-element-populated\">\n\t\t\t\t\t\t<div class=\"elementor-element elementor-element-20d12e1e sc_fly_static elementor-widget elementor-widget-text-editor\" data-id=\"20d12e1e\" data-element_type=\"widget\" data-widget_type=\"text-editor.default\">\n\t\t\t\t<div class=\"elementor-widget-container\">\n\t\t\t\t\t\t\t\t\t<h5>Seguridad<\/h5><p>Hacemos esfuerzos razonables para proteger la informaci\u00f3n personal de los Usuarios, pero ninguna empresa, incluida nuestra EMPRESA, puede eliminar por completo los riesgos de seguridad asociados al tratamiento de la informaci\u00f3n en Internet. Por ejemplo, la informaci\u00f3n personal de nuestros Usuarios puede verse afectada por actos fuera de nuestro control, como la \"pirater\u00eda inform\u00e1tica\" y el robo f\u00edsico. Los Usuarios reconocen que facilitan su informaci\u00f3n personal por su cuenta y riesgo.<\/p>\t\t\t\t\t\t\t\t<\/div>\n\t\t\t\t<\/div>\n\t\t\t\t\t<\/div>\n\t\t<\/div>\n\t\t\t\t\t<\/div>\n\t\t<\/section>\n\t\t\t\t<section class=\"elementor-section elementor-top-section elementor-element elementor-element-6d09f250 elementor-section-boxed elementor-section-height-default elementor-section-height-default sc_fly_static\" data-id=\"6d09f250\" data-element_type=\"section\">\n\t\t\t\t\t\t<div class=\"elementor-container elementor-column-gap-extended\">\n\t\t\t\t\t<div class=\"elementor-column elementor-col-100 elementor-top-column elementor-element elementor-element-936cd29 sc_content_align_inherit sc_layouts_column_icons_position_left sc_fly_static\" data-id=\"936cd29\" data-element_type=\"column\">\n\t\t\t<div class=\"elementor-widget-wrap elementor-element-populated\">\n\t\t\t\t\t\t<div class=\"elementor-element elementor-element-1a296be8 sc_fly_static elementor-widget elementor-widget-spacer\" data-id=\"1a296be8\" data-element_type=\"widget\" data-widget_type=\"spacer.default\">\n\t\t\t\t<div class=\"elementor-widget-container\">\n\t\t\t\t\t\t\t<div class=\"elementor-spacer\">\n\t\t\t<div class=\"elementor-spacer-inner\"><\/div>\n\t\t<\/div>\n\t\t\t\t\t\t<\/div>\n\t\t\t\t<\/div>\n\t\t\t\t\t<\/div>\n\t\t<\/div>\n\t\t\t\t\t<\/div>\n\t\t<\/section>\n\t\t\t\t<\/div>","protected":false},"excerpt":{"rendered":"<p>Gestion des cookies En utilisant notre site, vous d\u00e9clarez explicitement avoir lu la politique de confidentialit\u00e9 de l\u2019H\u00f4tel Hemera, vous informant ainsi du traitement de vos donn\u00e9es personnelles selon les&hellip;<\/p>","protected":false},"author":1,"featured_media":0,"parent":0,"menu_order":0,"comment_status":"closed","ping_status":"closed","template":"","meta":{"_joinchat":[],"footnotes":""},"class_list":["post-12954","page","type-page","status-publish","hentry"],"yoast_head":"<!-- This site is optimized with the Yoast SEO plugin v25.5 - https:\/\/yoast.com\/wordpress\/plugins\/seo\/ -->\n<title>Politique de confidentialit\u00e9 - Hemera<\/title>\n<meta name=\"robots\" content=\"index, follow, max-snippet:-1, max-image-preview:large, max-video-preview:-1\" \/>\n<link rel=\"canonical\" href=\"http:\/\/hemerahotel.com\/es\/privacy-policy\/\" \/>\n<meta property=\"og:locale\" content=\"es_ES\" \/>\n<meta property=\"og:type\" content=\"article\" \/>\n<meta property=\"og:title\" content=\"Politique de confidentialit\u00e9 - Hemera\" \/>\n<meta property=\"og:description\" content=\"Gestion des cookies En utilisant notre site, vous d\u00e9clarez explicitement avoir lu la politique de confidentialit\u00e9 de l\u2019H\u00f4tel Hemera, vous informant ainsi du traitement de vos donn\u00e9es personnelles selon les&hellip;\" \/>\n<meta property=\"og:url\" content=\"http:\/\/hemerahotel.com\/es\/privacy-policy\/\" \/>\n<meta property=\"og:site_name\" content=\"Hemera\" \/>\n<meta property=\"article:modified_time\" content=\"2026-04-13T19:51:44+00:00\" \/>\n<meta name=\"twitter:card\" content=\"summary_large_image\" \/>\n<meta name=\"twitter:label1\" content=\"Tiempo de lectura\" \/>\n\t<meta name=\"twitter:data1\" content=\"3 minutos\" \/>\n<script type=\"application\/ld+json\" class=\"yoast-schema-graph\">{\"@context\":\"https:\/\/schema.org\",\"@graph\":[{\"@type\":\"WebPage\",\"@id\":\"http:\/\/hemerahotel.com\/privacy-policy\/\",\"url\":\"http:\/\/hemerahotel.com\/privacy-policy\/\",\"name\":\"Politique de confidentialit\u00e9 - Hemera\",\"isPartOf\":{\"@id\":\"https:\/\/hemerahotel.com\/#website\"},\"datePublished\":\"2020-08-27T08:23:10+00:00\",\"dateModified\":\"2026-04-13T19:51:44+00:00\",\"breadcrumb\":{\"@id\":\"http:\/\/hemerahotel.com\/privacy-policy\/#breadcrumb\"},\"inLanguage\":\"es\",\"potentialAction\":[{\"@type\":\"ReadAction\",\"target\":[\"http:\/\/hemerahotel.com\/privacy-policy\/\"]}]},{\"@type\":\"BreadcrumbList\",\"@id\":\"http:\/\/hemerahotel.com\/privacy-policy\/#breadcrumb\",\"itemListElement\":[{\"@type\":\"ListItem\",\"position\":1,\"name\":\"Accueil\",\"item\":\"http:\/\/hemerahotel.com\/\"},{\"@type\":\"ListItem\",\"position\":2,\"name\":\"Politique de confidentialit\u00e9\"}]},{\"@type\":\"WebSite\",\"@id\":\"https:\/\/hemerahotel.com\/#website\",\"url\":\"https:\/\/hemerahotel.com\/\",\"name\":\"Hemera\",\"description\":\"L\u2019\u00e9l\u00e9gance et le confort en plein c\u0153ur de Tournai.\",\"publisher\":{\"@id\":\"https:\/\/hemerahotel.com\/#organization\"},\"potentialAction\":[{\"@type\":\"SearchAction\",\"target\":{\"@type\":\"EntryPoint\",\"urlTemplate\":\"https:\/\/hemerahotel.com\/?s={search_term_string}\"},\"query-input\":{\"@type\":\"PropertyValueSpecification\",\"valueRequired\":true,\"valueName\":\"search_term_string\"}}],\"inLanguage\":\"es\"},{\"@type\":\"Organization\",\"@id\":\"https:\/\/hemerahotel.com\/#organization\",\"name\":\"Hemera\",\"url\":\"https:\/\/hemerahotel.com\/\",\"logo\":{\"@type\":\"ImageObject\",\"inLanguage\":\"es\",\"@id\":\"https:\/\/hemerahotel.com\/#\/schema\/logo\/image\/\",\"url\":\"https:\/\/hemerahotel.com\/wp-content\/uploads\/2025\/03\/17-03-25-HEMERA-LOGO-6.png\",\"contentUrl\":\"https:\/\/hemerahotel.com\/wp-content\/uploads\/2025\/03\/17-03-25-HEMERA-LOGO-6.png\",\"width\":4655,\"height\":5345,\"caption\":\"Hemera\"},\"image\":{\"@id\":\"https:\/\/hemerahotel.com\/#\/schema\/logo\/image\/\"}}]}<\/script>\n<!-- \/ Yoast SEO plugin. -->","yoast_head_json":{"title":"Politique de confidentialit\u00e9 - Hemera","robots":{"index":"index","follow":"follow","max-snippet":"max-snippet:-1","max-image-preview":"max-image-preview:large","max-video-preview":"max-video-preview:-1"},"canonical":"http:\/\/hemerahotel.com\/es\/privacy-policy\/","og_locale":"es_ES","og_type":"article","og_title":"Politique de confidentialit\u00e9 - Hemera","og_description":"Gestion des cookies En utilisant notre site, vous d\u00e9clarez explicitement avoir lu la politique de confidentialit\u00e9 de l\u2019H\u00f4tel Hemera, vous informant ainsi du traitement de vos donn\u00e9es personnelles selon les&hellip;","og_url":"http:\/\/hemerahotel.com\/es\/privacy-policy\/","og_site_name":"Hemera","article_modified_time":"2026-04-13T19:51:44+00:00","twitter_card":"summary_large_image","twitter_misc":{"Tiempo de lectura":"3 minutos"},"schema":{"@context":"https:\/\/schema.org","@graph":[{"@type":"WebPage","@id":"http:\/\/hemerahotel.com\/privacy-policy\/","url":"http:\/\/hemerahotel.com\/privacy-policy\/","name":"Politique de confidentialit\u00e9 - Hemera","isPartOf":{"@id":"https:\/\/hemerahotel.com\/#website"},"datePublished":"2020-08-27T08:23:10+00:00","dateModified":"2026-04-13T19:51:44+00:00","breadcrumb":{"@id":"http:\/\/hemerahotel.com\/privacy-policy\/#breadcrumb"},"inLanguage":"es","potentialAction":[{"@type":"ReadAction","target":["http:\/\/hemerahotel.com\/privacy-policy\/"]}]},{"@type":"BreadcrumbList","@id":"http:\/\/hemerahotel.com\/privacy-policy\/#breadcrumb","itemListElement":[{"@type":"ListItem","position":1,"name":"Accueil","item":"http:\/\/hemerahotel.com\/"},{"@type":"ListItem","position":2,"name":"Politique de confidentialit\u00e9"}]},{"@type":"WebSite","@id":"https:\/\/hemerahotel.com\/#website","url":"https:\/\/hemerahotel.com\/","name":"Hemera","description":"L\u2019\u00e9l\u00e9gance et le confort en plein c\u0153ur de Tournai.","publisher":{"@id":"https:\/\/hemerahotel.com\/#organization"},"potentialAction":[{"@type":"SearchAction","target":{"@type":"EntryPoint","urlTemplate":"https:\/\/hemerahotel.com\/?s={search_term_string}"},"query-input":{"@type":"PropertyValueSpecification","valueRequired":true,"valueName":"search_term_string"}}],"inLanguage":"es"},{"@type":"Organization","@id":"https:\/\/hemerahotel.com\/#organization","name":"Hemera","url":"https:\/\/hemerahotel.com\/","logo":{"@type":"ImageObject","inLanguage":"es","@id":"https:\/\/hemerahotel.com\/#\/schema\/logo\/image\/","url":"https:\/\/hemerahotel.com\/wp-content\/uploads\/2025\/03\/17-03-25-HEMERA-LOGO-6.png","contentUrl":"https:\/\/hemerahotel.com\/wp-content\/uploads\/2025\/03\/17-03-25-HEMERA-LOGO-6.png","width":4655,"height":5345,"caption":"Hemera"},"image":{"@id":"https:\/\/hemerahotel.com\/#\/schema\/logo\/image\/"}}]}},"_links":{"self":[{"href":"https:\/\/hemerahotel.com\/es\/wp-json\/wp\/v2\/pages\/12954","targetHints":{"allow":["GET"]}}],"collection":[{"href":"https:\/\/hemerahotel.com\/es\/wp-json\/wp\/v2\/pages"}],"about":[{"href":"https:\/\/hemerahotel.com\/es\/wp-json\/wp\/v2\/types\/page"}],"author":[{"embeddable":true,"href":"https:\/\/hemerahotel.com\/es\/wp-json\/wp\/v2\/users\/1"}],"replies":[{"embeddable":true,"href":"https:\/\/hemerahotel.com\/es\/wp-json\/wp\/v2\/comments?post=12954"}],"version-history":[{"count":5,"href":"https:\/\/hemerahotel.com\/es\/wp-json\/wp\/v2\/pages\/12954\/revisions"}],"predecessor-version":[{"id":42718,"href":"https:\/\/hemerahotel.com\/es\/wp-json\/wp\/v2\/pages\/12954\/revisions\/42718"}],"wp:attachment":[{"href":"https:\/\/hemerahotel.com\/es\/wp-json\/wp\/v2\/media?parent=12954"}],"curies":[{"name":"wp","href":"https:\/\/api.w.org\/{rel}","templated":true}]}}